{"id":900,"date":"2021-04-10T04:05:39","date_gmt":"2021-04-10T04:05:39","guid":{"rendered":"https:\/\/indieauthor.me\/norwegian\/?page_id=900"},"modified":"2021-11-09T19:01:57","modified_gmt":"2021-11-09T19:01:57","slug":"books","status":"publish","type":"page","link":"https:\/\/norwegian.indieauthor.me\/?page_id=900","title":{"rendered":"Spr\u00e5ktjenester"},"content":{"rendered":"\n<div class=\"wp-block-cover alignfull has-background-dim\" style=\"background-color:#f9f6f1;min-height:350px;aspect-ratio:unset;\"><div class=\"wp-block-cover__inner-container is-layout-flow wp-block-cover-is-layout-flow\">\n<div class=\"wp-block-columns is-layout-flex wp-container-core-columns-is-layout-9d6595d7 wp-block-columns-is-layout-flex\">\n<div class=\"wp-block-column is-layout-flow wp-block-column-is-layout-flow\" style=\"flex-basis:100%\">\n<div class=\"wp-block-columns is-layout-flex wp-container-core-columns-is-layout-9d6595d7 wp-block-columns-is-layout-flex\">\n<div class=\"wp-block-column is-layout-flow wp-block-column-is-layout-flow\" style=\"flex-basis:100%\"><\/div>\n<\/div>\n\n\n\n<div class=\"wp-block-columns has-background is-layout-flex wp-container-core-columns-is-layout-9d6595d7 wp-block-columns-is-layout-flex\" style=\"background-color:#e2e0d1\">\n<div class=\"wp-block-column is-layout-flow wp-block-column-is-layout-flow\" style=\"flex-basis:76%\">\n<h3 class=\"has-black-color has-text-color wp-block-heading\">Spr\u00e5ktjenester<\/h3>\n\n\n\n<pre class=\"wp-block-verse has-black-color has-text-color\">Her er noen av spr\u00e5ktjenestene jeg kan tilby. Selv om jeg er i stand til \u00e5 utf\u00f8re disse oppgavene ganske greit, er ingen perfekte. Jo flere \u00f8yne som ser p\u00e5 en tekst f\u00f8r publisering, jo bedre. Men de m\u00e5 ikke v\u00e6re for mange til \u00e5 holde det for seg selv. Dine hjelpere m\u00e5 ogs\u00e5 vite hva de snakker om, ha d\u00f8mmekraft og ikke overvelde deg med negativitet - i stedet for \u00e5 bygge p\u00e5 dine kvaliteter.<\/pre>\n<\/div>\n\n\n\n<div class=\"wp-block-column is-vertically-aligned-top is-layout-flow wp-block-column-is-layout-flow\" style=\"flex-basis:24%\">\n<figure class=\"wp-block-image alignfull size-full\"><img data-recalc-dims=\"1\" fetchpriority=\"high\" decoding=\"async\" width=\"500\" height=\"383\" src=\"https:\/\/i0.wp.com\/indieauthor.me\/norwegian\/wp-content\/uploads\/2021\/08\/magnify2.png?resize=500%2C383&#038;ssl=1\" alt=\"\" class=\"wp-image-1450\" srcset=\"https:\/\/i0.wp.com\/norwegian.indieauthor.me\/wp-content\/uploads\/2021\/08\/magnify2.png?w=500&amp;ssl=1 500w, https:\/\/i0.wp.com\/norwegian.indieauthor.me\/wp-content\/uploads\/2021\/08\/magnify2.png?resize=300%2C230&amp;ssl=1 300w\" sizes=\"(max-width: 500px) 100vw, 500px\" \/><\/figure>\n<\/div>\n<\/div>\n<\/div>\n<\/div>\n\n\n\n<p class=\"has-black-color has-text-color\"><\/p>\n\n\n\n<p><\/p>\n\n\n\n<p><\/p>\n\n\n\n<h6 class=\"has-text-color wp-block-heading\" style=\"color:#b69d78\"><meta http-equiv=\"content-type\" content=\"text\/html; charset=utf-8\">Enkle tjenester<\/h6>\n\n\n\n<h3 class=\"has-text-color wp-block-heading\" style=\"color:#000000\">Spr\u00e5kvask<\/h3>\n\n\n\n<p class=\"has-black-color has-text-color\">Noen redakt\u00f8rer ser dessverre feil i ortografi og tegnsetting som personlige forn\u00e6rmelser, s\u00e5 det er viktig \u00e5 sjekke og dobbeltsjekke. Det er imidlertid en grense for hva en person kan klare. Jeg har l\u00e6rt \u00e5 v\u00e6re grundig som akademisk oversetter. Vitenskapelige artikler og avhandlinger er ofte stive ritualer, noen ganger ogs\u00e5 mer et overgangsrituale enn et originalt bidrag. Likevel er dette den delen av jobben som er b\u00e5de minst interessant og lettest \u00e5 utf\u00f8re.<\/p>\n\n\n\n<p><\/p>\n<\/div><\/div>\n\n\n\n<div class=\"wp-block-group alignfull\"><div class=\"wp-block-group__inner-container is-layout-flow wp-block-group-is-layout-flow\">\n<div class=\"wp-block-media-text is-stacked-on-mobile\" style=\"grid-template-columns:44% auto\"><figure class=\"wp-block-media-text__media\"><img data-recalc-dims=\"1\" decoding=\"async\" width=\"564\" height=\"941\" src=\"https:\/\/i0.wp.com\/indieauthor.me\/norwegian\/wp-content\/uploads\/2021\/08\/imageedit_3_2080403534.png?resize=564%2C941&#038;ssl=1\" alt=\"\" class=\"wp-image-1361 size-full\" srcset=\"https:\/\/i0.wp.com\/norwegian.indieauthor.me\/wp-content\/uploads\/2021\/08\/imageedit_3_2080403534.png?w=564&amp;ssl=1 564w, https:\/\/i0.wp.com\/norwegian.indieauthor.me\/wp-content\/uploads\/2021\/08\/imageedit_3_2080403534.png?resize=180%2C300&amp;ssl=1 180w\" sizes=\"(max-width: 564px) 100vw, 564px\" \/><\/figure><div class=\"wp-block-media-text__content\">\n<div class=\"wp-block-group\"><div class=\"wp-block-group__inner-container is-layout-flow wp-block-group-is-layout-flow\">\n<h6 class=\"has-text-color wp-block-heading\" style=\"color:#b69d78\">Mer omfattende<\/h6>\n\n\n\n<h3 class=\"wp-block-heading\">Redigering<\/h3>\n\n\n\n<p>Mange sier at &#8220;de som selv ikke klarer noe, ofte er n\u00f8dt til \u00e5 ta til takke med \u00e5 undervise i de samme tingene&#8221;. Det er noe sannhet i det. Enhver etablert forfatter som g\u00e5r gjennom mine egne tekster eller til og med mine akademiske fors\u00f8k, vil finne feil. Det kan jeg nesten garantere. \u00c5 finne feil hos andre er imidlertid mye enklere enn \u00e5 finne sine egne. Faktisk er dette det beste argumentet jeg gi for at noen skal benytte seg av tjenestene mine. <\/p>\n\n\n\n<p>Jeg kan kaste et friskt blikk p\u00e5 teksten din, og kommentere b\u00e5de struktur og komposisjon.<\/p>\n\n\n\n<div class=\"wp-block-buttons is-layout-flex wp-block-buttons-is-layout-flex\"><\/div>\n<\/div><\/div>\n<\/div><\/div>\n<\/div><\/div>\n\n\n\n<div class=\"wp-block-group alignfull has-background\" style=\"background-color:#f9f6f1\"><div class=\"wp-block-group__inner-container is-layout-flow wp-block-group-is-layout-flow\">\n<h3 class=\"has-text-align-center has-text-color wp-block-heading\" style=\"color:#554400\">Egenproduksjon av tekst<\/h3>\n\n\n\n<div class=\"wp-block-columns alignwide is-layout-flex wp-container-core-columns-is-layout-9d6595d7 wp-block-columns-is-layout-flex\">\n<div class=\"wp-block-column is-layout-flow wp-block-column-is-layout-flow\">\n<div class=\"wp-block-image\"><figure class=\"aligncenter size-full\"><img data-recalc-dims=\"1\" decoding=\"async\" width=\"352\" height=\"300\" src=\"https:\/\/i0.wp.com\/indieauthor.me\/norwegian\/wp-content\/uploads\/2021\/08\/nyknapp4-1.png?resize=352%2C300&#038;ssl=1\" alt=\"\" class=\"wp-image-1429\" srcset=\"https:\/\/i0.wp.com\/norwegian.indieauthor.me\/wp-content\/uploads\/2021\/08\/nyknapp4-1.png?w=352&amp;ssl=1 352w, https:\/\/i0.wp.com\/norwegian.indieauthor.me\/wp-content\/uploads\/2021\/08\/nyknapp4-1.png?resize=300%2C256&amp;ssl=1 300w\" sizes=\"(max-width: 352px) 100vw, 352px\" \/><figcaption><strong>Dramatikk og fiksjon<\/strong><\/figcaption><\/figure><\/div>\n\n\n\n<div class=\"wp-block-buttons is-content-justification-center is-layout-flex wp-block-buttons-is-layout-flex\">\n<div class=\"wp-block-button\"><a class=\"wp-block-button__link\" href=\"https:\/\/www.youtube.com\/playlist?list=PL7Uo46UlbN5pZnNDwJPv-vjHEku1oWz_-\" target=\"_blank\" rel=\"noreferrer noopener\"><img data-recalc-dims=\"1\" loading=\"lazy\" decoding=\"async\" width=\"150\" height=\"50\" class=\"wp-image-1374\" style=\"width: 150px;\" src=\"https:\/\/i0.wp.com\/indieauthor.me\/norwegian\/wp-content\/uploads\/2021\/08\/imageedit_16_8733778921.png?resize=150%2C50&#038;ssl=1\" alt=\"\"><\/a><\/div>\n\n\n<\/div>\n<\/div>\n\n\n\n<div class=\"wp-block-column is-layout-flow wp-block-column-is-layout-flow\">\n<div class=\"wp-block-image\"><figure class=\"aligncenter size-full\"><img data-recalc-dims=\"1\" loading=\"lazy\" decoding=\"async\" width=\"332\" height=\"300\" src=\"https:\/\/i0.wp.com\/indieauthor.me\/norwegian\/wp-content\/uploads\/2021\/08\/book.png?resize=332%2C300&#038;ssl=1\" alt=\"\" class=\"wp-image-1435\" srcset=\"https:\/\/i0.wp.com\/norwegian.indieauthor.me\/wp-content\/uploads\/2021\/08\/book.png?w=332&amp;ssl=1 332w, https:\/\/i0.wp.com\/norwegian.indieauthor.me\/wp-content\/uploads\/2021\/08\/book.png?resize=300%2C271&amp;ssl=1 300w\" sizes=\"(max-width: 332px) 100vw, 332px\" \/><figcaption><strong>Prosa<\/strong><\/figcaption><\/figure><\/div>\n\n\n\n<div class=\"wp-block-buttons is-content-justification-center is-layout-flex wp-block-buttons-is-layout-flex\">\n<div class=\"wp-block-button\"><a class=\"wp-block-button__link\" href=\"https:\/\/historyradio.org\/2017\/01\/18\/retrospective-president-bush-the-quiet-american\/\" target=\"_blank\" rel=\"noreferrer noopener\"><img data-recalc-dims=\"1\" loading=\"lazy\" decoding=\"async\" width=\"150\" height=\"52\" class=\"wp-image-1378\" style=\"width: 150px;\" src=\"https:\/\/i0.wp.com\/indieauthor.me\/norwegian\/wp-content\/uploads\/2021\/08\/imageedit_19_8147575766.png?resize=150%2C52&#038;ssl=1\" alt=\"\"><\/a><\/div>\n\n\n<\/div>\n<\/div>\n\n\n\n<div class=\"wp-block-column is-layout-flow wp-block-column-is-layout-flow\">\n<div class=\"wp-block-image\"><figure class=\"aligncenter size-full\"><img data-recalc-dims=\"1\" loading=\"lazy\" decoding=\"async\" width=\"342\" height=\"300\" src=\"https:\/\/i0.wp.com\/indieauthor.me\/norwegian\/wp-content\/uploads\/2021\/08\/rose.png?resize=342%2C300&#038;ssl=1\" alt=\"\" class=\"wp-image-1437\" srcset=\"https:\/\/i0.wp.com\/norwegian.indieauthor.me\/wp-content\/uploads\/2021\/08\/rose.png?w=342&amp;ssl=1 342w, https:\/\/i0.wp.com\/norwegian.indieauthor.me\/wp-content\/uploads\/2021\/08\/rose.png?resize=300%2C263&amp;ssl=1 300w\" sizes=\"(max-width: 342px) 100vw, 342px\" \/><figcaption><strong>Poesi<\/strong><\/figcaption><\/figure><\/div>\n\n\n\n<div class=\"wp-block-buttons is-content-justification-center is-layout-flex wp-block-buttons-is-layout-flex\">\n<div class=\"wp-block-button\"><a class=\"wp-block-button__link\" href=\"https:\/\/www.youtube.com\/playlist?list=PL7Uo46UlbN5qTX8scvFvog0lQsMaJ7ImR\" target=\"_blank\" rel=\"noreferrer noopener\"><img data-recalc-dims=\"1\" loading=\"lazy\" decoding=\"async\" width=\"150\" height=\"50\" class=\"wp-image-1377\" style=\"width: 150px;\" src=\"https:\/\/i0.wp.com\/indieauthor.me\/norwegian\/wp-content\/uploads\/2021\/08\/imageedit_16_8733778921-1.png?resize=150%2C50&#038;ssl=1\" alt=\"\"><\/a><\/div>\n\n\n<\/div>\n<\/div>\n<\/div>\n<\/div><\/div>\n\n\n\n<div class=\"wp-block-group alignwide\"><div class=\"wp-block-group__inner-container is-layout-flow wp-block-group-is-layout-flow\">\n<div class=\"wp-block-columns alignwide is-layout-flex wp-container-core-columns-is-layout-9d6595d7 wp-block-columns-is-layout-flex\">\n<div class=\"wp-block-column is-vertically-aligned-center is-layout-flow wp-block-column-is-layout-flow\">\n<h6 class=\"has-text-color wp-block-heading\" style=\"color:#b69d78\">Fra akademisk sakprosa til skj\u00f8nnlitteratur<\/h6>\n\n\n\n<h3 class=\"wp-block-heading\">Oversettelser til og fra norsk og engelsk<\/h3>\n\n\n\n<p>Jeg har bodd i Norge mesteparten av mitt liv. P\u00e5 <strong><a href=\"https:\/\/indieauthor.me\/norwegian\/?page_id=1529\" target=\"_blank\" rel=\"noreferrer noopener\" title=\"https:\/\/indieauthor.me\/norwegian\/?page_id=1529\">denne siden kan du lese noen fortellinger jeg har oversatt fra engelsk til norsk<\/a><\/strong>.  I videoene til h\u00f8yre kan du h\u00f8re opplesninger av ulike noveller jeg har oversatt fra norsk til engelsk: en krimfortelling, en sp\u00f8kelseshistorie og en noks\u00e5 trist julefortelling.<\/p>\n\n\n\n<div class=\"wp-block-columns is-layout-flex wp-container-core-columns-is-layout-9d6595d7 wp-block-columns-is-layout-flex\">\n<div class=\"wp-block-column is-layout-flow wp-block-column-is-layout-flow\"><\/div>\n\n\n\n<div class=\"wp-block-column is-layout-flow wp-block-column-is-layout-flow\">\n<p><\/p>\n<\/div>\n<\/div>\n\n\n\n<div class=\"wp-block-buttons is-layout-flex wp-block-buttons-is-layout-flex\"><\/div>\n<\/div>\n\n\n\n<div class=\"wp-block-column is-layout-flow wp-block-column-is-layout-flow\">\n\n<\/div>\n<\/div>\n<\/div><\/div>\n","protected":false},"excerpt":{"rendered":"<p>Mer omfattende Redigering Mange sier at &#8220;de som selv ikke klarer noe, ofte er n\u00f8dt til \u00e5 ta til takke med \u00e5 undervise i de samme tingene&#8221;. Det er noe sannhet i det. Enhver etablert forfatter som g\u00e5r gjennom mine egne tekster eller til og med mine akademiske fors\u00f8k, vil finne feil. Det kan jeg &hellip;<\/p>\n<p class=\"read-more\"> <a class=\"\" href=\"https:\/\/norwegian.indieauthor.me\/?page_id=900\"> <span class=\"screen-reader-text\">Spr\u00e5ktjenester<\/span> Read More &raquo;<\/a><\/p>\n","protected":false},"author":1,"featured_media":0,"parent":0,"menu_order":0,"comment_status":"closed","ping_status":"closed","template":"","meta":{"om_disable_all_campaigns":false,"_monsterinsights_skip_tracking":false,"_monsterinsights_sitenote_active":false,"_monsterinsights_sitenote_note":"","_monsterinsights_sitenote_category":0,"footnotes":""},"class_list":["post-900","page","type-page","status-publish","hentry"],"aioseo_notices":[],"jetpack_sharing_enabled":true,"_links":{"self":[{"href":"https:\/\/norwegian.indieauthor.me\/index.php?rest_route=\/wp\/v2\/pages\/900","targetHints":{"allow":["GET"]}}],"collection":[{"href":"https:\/\/norwegian.indieauthor.me\/index.php?rest_route=\/wp\/v2\/pages"}],"about":[{"href":"https:\/\/norwegian.indieauthor.me\/index.php?rest_route=\/wp\/v2\/types\/page"}],"author":[{"embeddable":true,"href":"https:\/\/norwegian.indieauthor.me\/index.php?rest_route=\/wp\/v2\/users\/1"}],"replies":[{"embeddable":true,"href":"https:\/\/norwegian.indieauthor.me\/index.php?rest_route=%2Fwp%2Fv2%2Fcomments&post=900"}],"version-history":[{"count":98,"href":"https:\/\/norwegian.indieauthor.me\/index.php?rest_route=\/wp\/v2\/pages\/900\/revisions"}],"predecessor-version":[{"id":1556,"href":"https:\/\/norwegian.indieauthor.me\/index.php?rest_route=\/wp\/v2\/pages\/900\/revisions\/1556"}],"wp:attachment":[{"href":"https:\/\/norwegian.indieauthor.me\/index.php?rest_route=%2Fwp%2Fv2%2Fmedia&parent=900"}],"curies":[{"name":"wp","href":"https:\/\/api.w.org\/{rel}","templated":true}]}}