{"id":896,"date":"2021-04-10T03:52:52","date_gmt":"2021-04-10T03:52:52","guid":{"rendered":"https:\/\/indieauthor.me\/norwegian\/?page_id=896"},"modified":"2021-11-09T13:38:05","modified_gmt":"2021-11-09T13:38:05","slug":"home","status":"publish","type":"page","link":"https:\/\/norwegian.indieauthor.me\/","title":{"rendered":""},"content":{"rendered":"\n<div class=\"wp-block-cover alignfull has-background-dim\" style=\"background-color:#f9f6f1;min-height:750px;aspect-ratio:unset;\"><div class=\"wp-block-cover__inner-container is-layout-flow wp-block-cover-is-layout-flow\">\n<div class=\"wp-block-media-text alignwide has-media-on-the-right is-stacked-on-mobile is-vertically-aligned-center\" style=\"grid-template-columns:auto 34%\"><figure class=\"wp-block-media-text__media\"><img data-recalc-dims=\"1\" fetchpriority=\"high\" decoding=\"async\" width=\"907\" height=\"1024\" src=\"https:\/\/i0.wp.com\/indieauthor.me\/norwegian\/wp-content\/uploads\/2021\/08\/writer1-907x1024.png?resize=907%2C1024&#038;ssl=1\" alt=\"\" class=\"wp-image-1212 size-full\" srcset=\"https:\/\/i0.wp.com\/norwegian.indieauthor.me\/wp-content\/uploads\/2021\/08\/writer1.png?resize=907%2C1024&amp;ssl=1 907w, https:\/\/i0.wp.com\/norwegian.indieauthor.me\/wp-content\/uploads\/2021\/08\/writer1.png?resize=266%2C300&amp;ssl=1 266w, https:\/\/i0.wp.com\/norwegian.indieauthor.me\/wp-content\/uploads\/2021\/08\/writer1.png?resize=768%2C867&amp;ssl=1 768w, https:\/\/i0.wp.com\/norwegian.indieauthor.me\/wp-content\/uploads\/2021\/08\/writer1.png?w=1138&amp;ssl=1 1138w\" sizes=\"(max-width: 907px) 100vw, 907px\" \/><\/figure><div class=\"wp-block-media-text__content\">\n<div class=\"wp-block-group\"><div class=\"wp-block-group__inner-container is-layout-flow wp-block-group-is-layout-flow\">\n<h6 class=\"has-text-color wp-block-heading\" style=\"color:#b69d78\">\u00c5 bli forfatter uten forlag<\/h6>\n\n\n\n<h3 class=\"has-text-color wp-block-heading\" style=\"color:#19150f\">S\u00e5, du tror du har det som trengs?<\/h3>\n\n\n\n<p class=\"has-text-color\" style=\"color:#93908b\">P\u00e5 grunn av alle mulighetene som finnes p\u00e5 nettet blir vi fortalt at redakt\u00f8rer, forlag og langvarige monopoler er i ferd med \u00e5 miste kontrollen over hva  som publiseres. Men i det \u00f8yeblikket forfattere kommer p\u00e5 nettet, innser de at deres egne tekster drukner i den store mengden av publisert materiale. Det er derfor et behov for rimelige st\u00f8ttespillere. M\u00e5let med dette nettstedet er \u00e5 tilby den tjenesten.<\/p>\n\n\n\n<div class=\"wp-block-buttons is-layout-flex wp-block-buttons-is-layout-flex\"><\/div>\n\n\n\n<p><\/p>\n<\/div><\/div>\n<\/div><\/div>\n<\/div><\/div>\n\n\n\n<div class=\"wp-block-group alignwide\"><div class=\"wp-block-group__inner-container is-layout-flow wp-block-group-is-layout-flow\">\n<blockquote class=\"wp-block-quote has-text-align-center is-layout-flow wp-block-quote-is-layout-flow\"><p><br><strong>&#8220;\u00c5tti prosent av alle suksesshistorier er avhengige av at man m\u00f8ter opp p\u00e5 jobb.&#8221;<\/strong><\/p><cite><em>Woody Allen<\/em><\/cite><\/blockquote>\n<\/div><\/div>\n\n\n\n<div class=\"wp-block-media-text is-stacked-on-mobile is-vertically-aligned-center\" style=\"grid-template-columns:51% auto\"><figure class=\"wp-block-media-text__media\"><img data-recalc-dims=\"1\" decoding=\"async\" width=\"743\" height=\"517\" src=\"https:\/\/i0.wp.com\/indieauthor.me\/norwegian\/wp-content\/uploads\/2021\/08\/imageedit_13_8362153179.png?resize=743%2C517&#038;ssl=1\" alt=\"\" class=\"wp-image-1370 size-full\" srcset=\"https:\/\/i0.wp.com\/norwegian.indieauthor.me\/wp-content\/uploads\/2021\/08\/imageedit_13_8362153179.png?w=743&amp;ssl=1 743w, https:\/\/i0.wp.com\/norwegian.indieauthor.me\/wp-content\/uploads\/2021\/08\/imageedit_13_8362153179.png?resize=300%2C209&amp;ssl=1 300w\" sizes=\"(max-width: 743px) 100vw, 743px\" \/><\/figure><div class=\"wp-block-media-text__content\">\n<div class=\"wp-block-group has-white-background-color has-background\"><div class=\"wp-block-group__inner-container is-layout-flow wp-block-group-is-layout-flow\">\n<h6 class=\"has-text-color wp-block-heading\" style=\"color:#b69d78\">Amerikansk statistikk om selvpublisering<\/h6>\n\n\n\n<h3 class=\"has-text-color wp-block-heading\" style=\"color:#19150f\">Det amerikanske forfatterlaugets unders\u00f8kelse fra 2017 <\/h3>\n\n\n\n<p class=\"has-text-color\" style=\"color:#413e3a\">Det ber\u00f8mte Woody Allen-sitatet som du kan lese ovenfor var sannsynligvis sant p\u00e5 alle m\u00e5ter p\u00e5 den tiden da det ble skrevet. Det er fortsatt veldig sant at du m\u00e5 jobbe hardt for \u00e5 n\u00e5 m\u00e5lene dine. Men hva slags arbeid du m\u00e5 gj\u00f8re er i ferd med \u00e5 endres. Det \u00e5 legge ut tekstene dine p\u00e5 nettet er langt fra nok. If\u00f8lge en stor unders\u00f8kelse fra 2017 bestilt av det amerikanske forfatterlauget (diagram fra Author&#8217;s Guild sitt nettsted), er heltidsforfatteren p\u00e5 &#8220;p\u00e5 randen av utryddelse&#8221;. Rapporten deres hevder at &#8220;Forfattere bruker i gjennomsnitt 7,5 timer hver uke p\u00e5 markedsf\u00f8ring og markedsf\u00f8ring av b\u00f8kene sine, en \u00f8kning p\u00e5 14% (sjangerforfattere opp 39%) de siste fem \u00e5rene. Men bare 8% av alle publiserte forfattere opplevde en merkbar \u00f8kning i bokrelatert inntekt i samme periode.&#8221;<\/p>\n\n\n\n<div class=\"wp-block-buttons is-layout-flex wp-block-buttons-is-layout-flex\">\n<div class=\"wp-block-button\"><a class=\"wp-block-button__link\" href=\"https:\/\/docs.google.com\/viewerng\/viewer?url=https:\/\/www.authorsguild.org\/wp-content\/uploads\/2020\/02\/AGWhitePaperFinal-2-18-20-with-logo-and-toc-final.pdf&amp;hl=en\" target=\"_blank\" rel=\"noreferrer noopener\"><img data-recalc-dims=\"1\" decoding=\"async\" width=\"150\" height=\"53\" class=\"wp-image-1388\" style=\"width: 150px;\" src=\"https:\/\/i0.wp.com\/indieauthor.me\/norwegian\/wp-content\/uploads\/2021\/08\/imageedit_22_6588515286.png?resize=150%2C53&#038;ssl=1\" alt=\"\"><\/a><\/div>\n<\/div>\n\n\n\n<div style=\"height:30px\" aria-hidden=\"true\" class=\"wp-block-spacer\"><\/div>\n\n\n\n<div class=\"wp-block-columns is-layout-flex wp-container-core-columns-is-layout-9d6595d7 wp-block-columns-is-layout-flex\">\n<div class=\"wp-block-column is-layout-flow wp-block-column-is-layout-flow\"><\/div>\n\n\n\n<div class=\"wp-block-column is-layout-flow wp-block-column-is-layout-flow\"><\/div>\n<\/div>\n<\/div><\/div>\n<\/div><\/div>\n\n\n\n<div class=\"wp-block-group alignfull\"><div class=\"wp-block-group__inner-container is-layout-flow wp-block-group-is-layout-flow\"><\/div><\/div>\n","protected":false},"excerpt":{"rendered":"<p>&#8220;\u00c5tti prosent av alle suksesshistorier er avhengige av at man m\u00f8ter opp p\u00e5 jobb.&#8221; Woody Allen<\/p>\n","protected":false},"author":1,"featured_media":0,"parent":0,"menu_order":0,"comment_status":"closed","ping_status":"closed","template":"","meta":{"om_disable_all_campaigns":false,"_monsterinsights_skip_tracking":false,"_monsterinsights_sitenote_active":false,"_monsterinsights_sitenote_note":"","_monsterinsights_sitenote_category":0,"footnotes":""},"class_list":["post-896","page","type-page","status-publish","hentry"],"aioseo_notices":[],"jetpack_sharing_enabled":true,"_links":{"self":[{"href":"https:\/\/norwegian.indieauthor.me\/index.php?rest_route=\/wp\/v2\/pages\/896","targetHints":{"allow":["GET"]}}],"collection":[{"href":"https:\/\/norwegian.indieauthor.me\/index.php?rest_route=\/wp\/v2\/pages"}],"about":[{"href":"https:\/\/norwegian.indieauthor.me\/index.php?rest_route=\/wp\/v2\/types\/page"}],"author":[{"embeddable":true,"href":"https:\/\/norwegian.indieauthor.me\/index.php?rest_route=\/wp\/v2\/users\/1"}],"replies":[{"embeddable":true,"href":"https:\/\/norwegian.indieauthor.me\/index.php?rest_route=%2Fwp%2Fv2%2Fcomments&post=896"}],"version-history":[{"count":37,"href":"https:\/\/norwegian.indieauthor.me\/index.php?rest_route=\/wp\/v2\/pages\/896\/revisions"}],"predecessor-version":[{"id":1528,"href":"https:\/\/norwegian.indieauthor.me\/index.php?rest_route=\/wp\/v2\/pages\/896\/revisions\/1528"}],"wp:attachment":[{"href":"https:\/\/norwegian.indieauthor.me\/index.php?rest_route=%2Fwp%2Fv2%2Fmedia&parent=896"}],"curies":[{"name":"wp","href":"https:\/\/api.w.org\/{rel}","templated":true}]}}