{"id":1163,"date":"2021-08-21T09:31:12","date_gmt":"2021-08-21T09:31:12","guid":{"rendered":"https:\/\/indieauthor.me\/norwegian\/?page_id=1163"},"modified":"2021-11-09T20:02:54","modified_gmt":"2021-11-09T20:02:54","slug":"basic-marketing","status":"publish","type":"page","link":"https:\/\/norwegian.indieauthor.me\/?page_id=1163","title":{"rendered":"Enkel markedsf\u00f8ring"},"content":{"rendered":"\n<p>Markedsf\u00f8ring inneb\u00e6rer mye arbeid, man m\u00e5 beile tradisjonelle medier og stadig streve etter oppmerksomhet. Det finnes imidlertid visse grunnleggende ting som har en effekt p\u00e5 salg, som alle kan l\u00e6re. Disse krever ikke noen stor innsats eller betydelige \u00f8konomiske ressurser. Jeg kan b\u00e5de sette opp eller administrere disse tjenestene for deg, og hjelpe deg med \u00e5 l\u00e6re ferdighetene selv.<\/p>\n\n\n\n<h5 class=\"has-text-color wp-block-heading\" style=\"color:#554400\">Bruk av publikasjonsaggregatorer.<\/h5>\n\n\n\n<p><\/p>\n\n\n\n<h5 class=\"has-text-color wp-block-heading\" style=\"color:#554400\">Riktig bruk av annonsefunksjonaliteten som er innebygd i publiseringsplattformene.<\/h5>\n\n\n\n<p><\/p>\n\n\n\n<h5 class=\"has-text-color wp-block-heading\" style=\"color:#554400\">Annonsere p\u00e5 sosiale medier.<\/h5>\n\n\n\n<p><\/p>\n\n\n\n<h5 class=\"has-text-color wp-block-heading\" style=\"color:#554400\">Opprette en blogg for deg selv og dine tekster.<\/h5>\n\n\n\n<p><\/p>\n\n\n\n<h5 class=\"has-text-color wp-block-heading\" style=\"color:#554400\">Noen nyttige verkt\u00f8y og nettsteder.<\/h5>\n\n\n\n<p><\/p>\n\n\n\n<p>Selv om du gj\u00f8r alle disse tingene, har du ingen garanti for suksess. Men jeg tror du har st\u00f8rre muligheter enn om du ikke gjorde dem. Faktisk blir det i dag ofte tatt for gitt at du vet om disse redskapene og har slike ferdigheter. Kostnaden er ikke h\u00f8y, men du m\u00e5 v\u00e6re villig til \u00e5 l\u00e6re noe. Hvis du allerede er veldig kunnskapsrik, kan jeg anbefale noen rimelige markedsf\u00f8ringsbyr\u00e5er.<\/p>\n","protected":false},"excerpt":{"rendered":"<p>Markedsf\u00f8ring inneb\u00e6rer mye arbeid, man m\u00e5 beile tradisjonelle medier og stadig streve etter oppmerksomhet. Det finnes imidlertid visse grunnleggende ting som har en effekt p\u00e5 salg, som alle kan l\u00e6re. Disse krever ikke noen stor innsats eller betydelige \u00f8konomiske ressurser. Jeg kan b\u00e5de sette opp eller administrere disse tjenestene for deg, og hjelpe deg med &hellip;<\/p>\n<p class=\"read-more\"> <a class=\"\" href=\"https:\/\/norwegian.indieauthor.me\/?page_id=1163\"> <span class=\"screen-reader-text\">Enkel markedsf\u00f8ring<\/span> Read More &raquo;<\/a><\/p>\n","protected":false},"author":1,"featured_media":0,"parent":0,"menu_order":0,"comment_status":"closed","ping_status":"closed","template":"","meta":{"om_disable_all_campaigns":false,"_monsterinsights_skip_tracking":false,"_monsterinsights_sitenote_active":false,"_monsterinsights_sitenote_note":"","_monsterinsights_sitenote_category":0,"footnotes":""},"class_list":["post-1163","page","type-page","status-publish","hentry"],"aioseo_notices":[],"jetpack_sharing_enabled":true,"_links":{"self":[{"href":"https:\/\/norwegian.indieauthor.me\/index.php?rest_route=\/wp\/v2\/pages\/1163","targetHints":{"allow":["GET"]}}],"collection":[{"href":"https:\/\/norwegian.indieauthor.me\/index.php?rest_route=\/wp\/v2\/pages"}],"about":[{"href":"https:\/\/norwegian.indieauthor.me\/index.php?rest_route=\/wp\/v2\/types\/page"}],"author":[{"embeddable":true,"href":"https:\/\/norwegian.indieauthor.me\/index.php?rest_route=\/wp\/v2\/users\/1"}],"replies":[{"embeddable":true,"href":"https:\/\/norwegian.indieauthor.me\/index.php?rest_route=%2Fwp%2Fv2%2Fcomments&post=1163"}],"version-history":[{"count":15,"href":"https:\/\/norwegian.indieauthor.me\/index.php?rest_route=\/wp\/v2\/pages\/1163\/revisions"}],"predecessor-version":[{"id":1566,"href":"https:\/\/norwegian.indieauthor.me\/index.php?rest_route=\/wp\/v2\/pages\/1163\/revisions\/1566"}],"wp:attachment":[{"href":"https:\/\/norwegian.indieauthor.me\/index.php?rest_route=%2Fwp%2Fv2%2Fmedia&parent=1163"}],"curies":[{"name":"wp","href":"https:\/\/api.w.org\/{rel}","templated":true}]}}