{"id":1159,"date":"2021-08-21T09:30:28","date_gmt":"2021-08-21T09:30:28","guid":{"rendered":"https:\/\/indieauthor.me\/norwegian\/?page_id=1159"},"modified":"2021-11-09T19:21:43","modified_gmt":"2021-11-09T19:21:43","slug":"layout","status":"publish","type":"page","link":"https:\/\/norwegian.indieauthor.me\/?page_id=1159","title":{"rendered":"Layout"},"content":{"rendered":"\n<div class=\"wp-block-columns is-layout-flex wp-container-core-columns-is-layout-9d6595d7 wp-block-columns-is-layout-flex\">\n<div class=\"wp-block-column is-layout-flow wp-block-column-is-layout-flow\" style=\"flex-basis:80%\">\n<p>For noen \u00e5r siden var alle som som ville ha noe p\u00e5 trykk helt avhengige av spesialister p\u00e5 layout og grafikk. Disse fagpersonene brukte mange \u00e5r p\u00e5 \u00e5 l\u00e6re komplisert programvare som InDesign, QuarkExpress og PageMaker. Og s\u00e5 Photoshop. De finnes fortsatt og er n\u00f8dvendige, men de som selvpubliserer i dag har ikke behov disse menneskene i samme grad som tidligere. De har tre gode alternativer, og de fleste benytter seg av disse, faktisk.<\/p>\n<\/div>\n\n\n\n<div class=\"wp-block-column is-layout-flow wp-block-column-is-layout-flow\" style=\"flex-basis:20%\">\n<div class=\"wp-block-image\"><figure class=\"aligncenter size-medium is-resized\"><img data-recalc-dims=\"1\" decoding=\"async\" src=\"https:\/\/i0.wp.com\/indieauthor.me\/norwegian\/wp-content\/uploads\/2021\/08\/william-morris-letter-l-1-300x300.png?resize=150%2C150&#038;ssl=1\" alt=\"\" class=\"wp-image-1441\" width=\"150\" height=\"150\" srcset=\"https:\/\/i0.wp.com\/norwegian.indieauthor.me\/wp-content\/uploads\/2021\/08\/william-morris-letter-l-1.png?resize=300%2C300&amp;ssl=1 300w, https:\/\/i0.wp.com\/norwegian.indieauthor.me\/wp-content\/uploads\/2021\/08\/william-morris-letter-l-1.png?resize=150%2C150&amp;ssl=1 150w, https:\/\/i0.wp.com\/norwegian.indieauthor.me\/wp-content\/uploads\/2021\/08\/william-morris-letter-l-1.png?w=500&amp;ssl=1 500w\" sizes=\"(max-width: 150px) 100vw, 150px\" \/><\/figure><\/div>\n<\/div>\n<\/div>\n\n\n\n<div class=\"wp-block-columns is-layout-flex wp-container-core-columns-is-layout-9d6595d7 wp-block-columns-is-layout-flex\">\n<div class=\"wp-block-column is-layout-flow wp-block-column-is-layout-flow\" style=\"flex-basis:75%\">\n<h5 class=\"has-text-color wp-block-heading\" style=\"color:#554400\">Mange av publiseringsplattformene som Amazon kdp og andre slike, er i stand til \u00e5 ta automatiske layout-avgj\u00f8relser.<\/h5>\n<\/div>\n<\/div>\n\n\n\n<div class=\"wp-block-columns is-layout-flex wp-container-core-columns-is-layout-9d6595d7 wp-block-columns-is-layout-flex\">\n<div class=\"wp-block-column is-layout-flow wp-block-column-is-layout-flow\" style=\"flex-basis:75%\">\n<h5 class=\"has-text-color wp-block-heading\" style=\"color:#554400\">Det finnes et enormt reservoir av gratis templater, temaer og bilder som kan se flotte ut med bare sm\u00e5 justeringer.<\/h5>\n\n\n\n<p><\/p>\n<\/div>\n<\/div>\n\n\n\n<div class=\"wp-block-columns is-layout-flex wp-container-core-columns-is-layout-9d6595d7 wp-block-columns-is-layout-flex\">\n<div class=\"wp-block-column is-layout-flow wp-block-column-is-layout-flow\" style=\"flex-basis:100%\">\n<div class=\"wp-block-columns is-layout-flex wp-container-core-columns-is-layout-9d6595d7 wp-block-columns-is-layout-flex\">\n<div class=\"wp-block-column is-layout-flow wp-block-column-is-layout-flow\" style=\"flex-basis:75%\">\n<h5 class=\"has-text-color wp-block-heading\" style=\"color:#554400\">Du kan leie en erfaren freelancer eller fagmann selv n\u00e5r som helst p\u00e5 nettet &#8211; p\u00e5 f\u00e5 minutter. <\/h5>\n<\/div>\n<\/div>\n<\/div>\n<\/div>\n\n\n\n<div class=\"wp-block-columns is-layout-flex wp-container-core-columns-is-layout-9d6595d7 wp-block-columns-is-layout-flex\">\n<div class=\"wp-block-column is-layout-flow wp-block-column-is-layout-flow\" style=\"flex-basis:75%\">\n<p>Disse alternativene reduserer kostnadene uten at det g\u00e5r ut over kvaliteten p\u00e5 sluttproduktet. Men du m\u00e5 l\u00e6re hvor du finner dem og hvordan du bruker dem. Det er dette jeg kan hjelpe deg med.<\/p>\n<\/div>\n<\/div>\n","protected":false},"excerpt":{"rendered":"<p>For noen \u00e5r siden var alle som som ville ha noe p\u00e5 trykk helt avhengige av spesialister p\u00e5 layout og grafikk. Disse fagpersonene brukte mange \u00e5r p\u00e5 \u00e5 l\u00e6re komplisert programvare som InDesign, QuarkExpress og PageMaker. Og s\u00e5 Photoshop. De finnes fortsatt og er n\u00f8dvendige, men de som selvpubliserer i dag har ikke behov disse &hellip;<\/p>\n<p class=\"read-more\"> <a class=\"\" href=\"https:\/\/norwegian.indieauthor.me\/?page_id=1159\"> <span class=\"screen-reader-text\">Layout<\/span> Read More &raquo;<\/a><\/p>\n","protected":false},"author":1,"featured_media":0,"parent":0,"menu_order":0,"comment_status":"closed","ping_status":"closed","template":"","meta":{"om_disable_all_campaigns":false,"_monsterinsights_skip_tracking":false,"_monsterinsights_sitenote_active":false,"_monsterinsights_sitenote_note":"","_monsterinsights_sitenote_category":0,"footnotes":""},"class_list":["post-1159","page","type-page","status-publish","hentry"],"aioseo_notices":[],"jetpack_sharing_enabled":true,"_links":{"self":[{"href":"https:\/\/norwegian.indieauthor.me\/index.php?rest_route=\/wp\/v2\/pages\/1159","targetHints":{"allow":["GET"]}}],"collection":[{"href":"https:\/\/norwegian.indieauthor.me\/index.php?rest_route=\/wp\/v2\/pages"}],"about":[{"href":"https:\/\/norwegian.indieauthor.me\/index.php?rest_route=\/wp\/v2\/types\/page"}],"author":[{"embeddable":true,"href":"https:\/\/norwegian.indieauthor.me\/index.php?rest_route=\/wp\/v2\/users\/1"}],"replies":[{"embeddable":true,"href":"https:\/\/norwegian.indieauthor.me\/index.php?rest_route=%2Fwp%2Fv2%2Fcomments&post=1159"}],"version-history":[{"count":27,"href":"https:\/\/norwegian.indieauthor.me\/index.php?rest_route=\/wp\/v2\/pages\/1159\/revisions"}],"predecessor-version":[{"id":1559,"href":"https:\/\/norwegian.indieauthor.me\/index.php?rest_route=\/wp\/v2\/pages\/1159\/revisions\/1559"}],"wp:attachment":[{"href":"https:\/\/norwegian.indieauthor.me\/index.php?rest_route=%2Fwp%2Fv2%2Fmedia&parent=1159"}],"curies":[{"name":"wp","href":"https:\/\/api.w.org\/{rel}","templated":true}]}}